{"id":1601,"date":"2023-01-23T09:16:41","date_gmt":"2023-01-23T06:16:41","guid":{"rendered":"https:\/\/ambery.tanshcreative.com\/?page_id=1601"},"modified":"2023-07-12T09:29:12","modified_gmt":"2023-07-12T06:29:12","slug":"hizmetlerimiz","status":"publish","type":"page","link":"http:\/\/prime-danismanlik.com\/index.php\/hizmetlerimiz\/","title":{"rendered":"Hizmetlerimiz"},"content":{"rendered":"\t\t<div data-elementor-type=\"wp-page\" data-elementor-id=\"1601\" class=\"elementor elementor-1601\">\n\t\t\t\t\t\t\t\t\t<section class=\"elementor-section elementor-top-section elementor-element elementor-element-2cc3d45 elementor-section-stretched elementor-section-boxed elementor-section-height-default elementor-section-height-default\" data-id=\"2cc3d45\" data-element_type=\"section\" data-settings=\"{&quot;stretch_section&quot;:&quot;section-stretched&quot;}\">\n\t\t\t\t\t\t<div class=\"elementor-container elementor-column-gap-default\">\n\t\t\t\t\t<div class=\"elementor-column elementor-col-50 elementor-top-column elementor-element elementor-element-3b6a98d\" data-id=\"3b6a98d\" data-element_type=\"column\" data-settings=\"{&quot;background_background&quot;:&quot;classic&quot;}\">\n\t\t\t<div class=\"elementor-widget-wrap elementor-element-populated\">\n\t\t\t\t\t\t\t\t<div class=\"elementor-element elementor-element-29c738c elementor-widget elementor-widget-heading\" data-id=\"29c738c\" data-element_type=\"widget\" data-widget_type=\"heading.default\">\n\t\t\t\t<div class=\"elementor-widget-container\">\n\t\t\t<style>\/*! elementor - v3.14.0 - 26-06-2023 *\/\n.elementor-heading-title{padding:0;margin:0;line-height:1}.elementor-widget-heading .elementor-heading-title[class*=elementor-size-]>a{color:inherit;font-size:inherit;line-height:inherit}.elementor-widget-heading .elementor-heading-title.elementor-size-small{font-size:15px}.elementor-widget-heading .elementor-heading-title.elementor-size-medium{font-size:19px}.elementor-widget-heading .elementor-heading-title.elementor-size-large{font-size:29px}.elementor-widget-heading .elementor-heading-title.elementor-size-xl{font-size:39px}.elementor-widget-heading .elementor-heading-title.elementor-size-xxl{font-size:59px}<\/style><h2 class=\"elementor-heading-title elementor-size-default\">M\u00fc\u015fterilerimiz i\u00e7in ayr\u0131cal\u0131klar<\/h2>\t\t<\/div>\n\t\t\t\t<\/div>\n\t\t\t\t<div class=\"elementor-element elementor-element-81a715c elementor-widget elementor-widget-heading\" data-id=\"81a715c\" data-element_type=\"widget\" data-widget_type=\"heading.default\">\n\t\t\t\t<div class=\"elementor-widget-container\">\n\t\t\t<h5 class=\"elementor-heading-title elementor-size-default\">Kapsaml\u0131 \u00c7\u00f6z\u00fcmler<\/h5>\t\t<\/div>\n\t\t\t\t<\/div>\n\t\t\t\t<div class=\"elementor-element elementor-element-18878a5 elementor-widget elementor-widget-text-editor\" data-id=\"18878a5\" data-element_type=\"widget\" data-widget_type=\"text-editor.default\">\n\t\t\t\t<div class=\"elementor-widget-container\">\n\t\t\t<style>\/*! elementor - v3.14.0 - 26-06-2023 *\/\n.elementor-widget-text-editor.elementor-drop-cap-view-stacked .elementor-drop-cap{background-color:#69727d;color:#fff}.elementor-widget-text-editor.elementor-drop-cap-view-framed .elementor-drop-cap{color:#69727d;border:3px solid;background-color:transparent}.elementor-widget-text-editor:not(.elementor-drop-cap-view-default) .elementor-drop-cap{margin-top:8px}.elementor-widget-text-editor:not(.elementor-drop-cap-view-default) .elementor-drop-cap-letter{width:1em;height:1em}.elementor-widget-text-editor .elementor-drop-cap{float:left;text-align:center;line-height:1;font-size:50px}.elementor-widget-text-editor .elementor-drop-cap-letter{display:inline-block}<\/style>\t\t\t\t<p>S\u00fcrd\u00fcr\u00fclebilirlik raporlamalar\u0131, uluslararas\u0131 pazara giri\u015f dan\u0131\u015fmanl\u0131\u011f\u0131 ve hukuk, \u0130K, lojistik ve daha fazlas\u0131 gibi eksiksiz bir destek hizmetleri paketi dahil olmak \u00fczere eksiksiz bir hizmet yelpazesi sunuyoruz. Tek noktadan al\u0131\u015fveri\u015f yakla\u015f\u0131m\u0131 sunarak, m\u00fc\u015fterilerimiz i\u00e7in s\u00fcreci basitle\u015ftirerek, birden fazla sat\u0131c\u0131y\u0131 koordine etmede zamandan ve emekten tasarruf ediyoruz.<\/p>\t\t\t\t\t\t<\/div>\n\t\t\t\t<\/div>\n\t\t\t\t<div class=\"elementor-element elementor-element-d998d2b elementor-widget elementor-widget-heading\" data-id=\"d998d2b\" data-element_type=\"widget\" data-widget_type=\"heading.default\">\n\t\t\t\t<div class=\"elementor-widget-container\">\n\t\t\t<h5 class=\"elementor-heading-title elementor-size-default\">Uzmanl\u0131k ve End\u00fcstri Bilgisi<\/h5>\t\t<\/div>\n\t\t\t\t<\/div>\n\t\t\t\t<div class=\"elementor-element elementor-element-56a415f elementor-widget elementor-widget-text-editor\" data-id=\"56a415f\" data-element_type=\"widget\" data-widget_type=\"text-editor.default\">\n\t\t\t\t<div class=\"elementor-widget-container\">\n\t\t\t\t\t\t\t<p>Ekibimiz, derin end\u00fcstri bilgisi ve uzmanl\u0131\u011f\u0131na sahip deneyimli profesyonellerden olu\u015fur. Uluslararas\u0131 pazarlar, d\u00fczenlemeler ve en iyi uygulamalar hakk\u0131nda eksiksiz bir anlay\u0131\u015fa sahibiz. Uzmanl\u0131\u011f\u0131m\u0131zdan yararlanarak, m\u00fc\u015fterilerimize yeni pazarlara a\u00e7\u0131lman\u0131n karma\u015f\u0131kl\u0131klar\u0131nda rehberlik ediyor ve bilin\u00e7li kararlar almalar\u0131na yard\u0131mc\u0131 olan stratejik i\u00e7g\u00f6r\u00fcler sa\u011fl\u0131yoruz.<\/p>\t\t\t\t\t\t<\/div>\n\t\t\t\t<\/div>\n\t\t\t\t\t<\/div>\n\t\t<\/div>\n\t\t\t\t<div class=\"elementor-column elementor-col-50 elementor-top-column elementor-element elementor-element-b883ba7\" data-id=\"b883ba7\" data-element_type=\"column\">\n\t\t\t<div class=\"elementor-widget-wrap elementor-element-populated\">\n\t\t\t\t\t\t\t\t<div class=\"elementor-element elementor-element-d39d227 elementor-widget elementor-widget-image\" data-id=\"d39d227\" data-element_type=\"widget\" data-widget_type=\"image.default\">\n\t\t\t\t<div class=\"elementor-widget-container\">\n\t\t\t<style>\/*! elementor - v3.14.0 - 26-06-2023 *\/\n.elementor-widget-image{text-align:center}.elementor-widget-image a{display:inline-block}.elementor-widget-image a img[src$=\".svg\"]{width:48px}.elementor-widget-image img{vertical-align:middle;display:inline-block}<\/style>\t\t\t\t\t\t\t\t\t\t\t\t<img loading=\"lazy\" decoding=\"async\" width=\"1080\" height=\"1080\" src=\"http:\/\/prime-danismanlik.com\/wp-content\/uploads\/2023\/07\/Adsiz-tasarim-2023-07-07T135924.113.png\" class=\"attachment-full size-full wp-image-4865\" alt=\"\" srcset=\"http:\/\/prime-danismanlik.com\/wp-content\/uploads\/2023\/07\/Adsiz-tasarim-2023-07-07T135924.113.png 1080w, http:\/\/prime-danismanlik.com\/wp-content\/uploads\/2023\/07\/Adsiz-tasarim-2023-07-07T135924.113-300x300.png 300w, http:\/\/prime-danismanlik.com\/wp-content\/uploads\/2023\/07\/Adsiz-tasarim-2023-07-07T135924.113-1024x1024.png 1024w, http:\/\/prime-danismanlik.com\/wp-content\/uploads\/2023\/07\/Adsiz-tasarim-2023-07-07T135924.113-150x150.png 150w, http:\/\/prime-danismanlik.com\/wp-content\/uploads\/2023\/07\/Adsiz-tasarim-2023-07-07T135924.113-768x768.png 768w\" sizes=\"auto, (max-width: 1080px) 100vw, 1080px\" \/>\t\t\t\t\t\t\t\t\t\t\t\t\t\t\t<\/div>\n\t\t\t\t<\/div>\n\t\t\t\t\t<\/div>\n\t\t<\/div>\n\t\t\t\t\t\t\t<\/div>\n\t\t<\/section>\n\t\t\t\t<section class=\"elementor-section elementor-top-section elementor-element elementor-element-3e05ab8 elementor-section-stretched elementor-section-boxed elementor-section-height-default elementor-section-height-default\" data-id=\"3e05ab8\" data-element_type=\"section\" data-settings=\"{&quot;stretch_section&quot;:&quot;section-stretched&quot;}\">\n\t\t\t\t\t\t<div class=\"elementor-container elementor-column-gap-default\">\n\t\t\t\t\t<div class=\"elementor-column elementor-col-50 elementor-top-column elementor-element elementor-element-0baff74\" data-id=\"0baff74\" data-element_type=\"column\" data-settings=\"{&quot;background_background&quot;:&quot;classic&quot;}\">\n\t\t\t<div class=\"elementor-widget-wrap elementor-element-populated\">\n\t\t\t\t\t\t\t\t<div class=\"elementor-element elementor-element-db2aef3 elementor-widget elementor-widget-image\" data-id=\"db2aef3\" data-element_type=\"widget\" data-widget_type=\"image.default\">\n\t\t\t\t<div class=\"elementor-widget-container\">\n\t\t\t\t\t\t\t\t\t\t\t\t\t\t\t<img loading=\"lazy\" decoding=\"async\" width=\"1080\" height=\"1080\" src=\"http:\/\/prime-danismanlik.com\/wp-content\/uploads\/2023\/07\/Prime-Danismanlik.png\" class=\"attachment-full size-full wp-image-4875\" alt=\"\" srcset=\"http:\/\/prime-danismanlik.com\/wp-content\/uploads\/2023\/07\/Prime-Danismanlik.png 1080w, http:\/\/prime-danismanlik.com\/wp-content\/uploads\/2023\/07\/Prime-Danismanlik-300x300.png 300w, http:\/\/prime-danismanlik.com\/wp-content\/uploads\/2023\/07\/Prime-Danismanlik-1024x1024.png 1024w, http:\/\/prime-danismanlik.com\/wp-content\/uploads\/2023\/07\/Prime-Danismanlik-150x150.png 150w, http:\/\/prime-danismanlik.com\/wp-content\/uploads\/2023\/07\/Prime-Danismanlik-768x768.png 768w\" sizes=\"auto, (max-width: 1080px) 100vw, 1080px\" \/>\t\t\t\t\t\t\t\t\t\t\t\t\t\t\t<\/div>\n\t\t\t\t<\/div>\n\t\t\t\t\t<\/div>\n\t\t<\/div>\n\t\t\t\t<div class=\"elementor-column elementor-col-50 elementor-top-column elementor-element elementor-element-4d1ad6e\" data-id=\"4d1ad6e\" data-element_type=\"column\">\n\t\t\t<div class=\"elementor-widget-wrap elementor-element-populated\">\n\t\t\t\t\t\t\t\t<div class=\"elementor-element elementor-element-b9e2850 elementor-widget elementor-widget-heading\" data-id=\"b9e2850\" data-element_type=\"widget\" data-widget_type=\"heading.default\">\n\t\t\t\t<div class=\"elementor-widget-container\">\n\t\t\t<h5 class=\"elementor-heading-title elementor-size-default\">S\u00fcrd\u00fcr\u00fclebilirlik Raporlamalar\u0131<\/h5>\t\t<\/div>\n\t\t\t\t<\/div>\n\t\t\t\t<div class=\"elementor-element elementor-element-982ce42 elementor-widget elementor-widget-text-editor\" data-id=\"982ce42\" data-element_type=\"widget\" data-widget_type=\"text-editor.default\">\n\t\t\t\t<div class=\"elementor-widget-container\">\n\t\t\t\t\t\t\t<p>\u0130\u015fletmelerin s\u00fcrd\u00fcr\u00fclebilirlik performans\u0131n\u0131 etkin bir \u015fekilde y\u00f6netmelerine ve s\u00fcrd\u00fcr\u00fclebilirlikle ilgili bilgileri \u015feffaf bir \u015fekilde payla\u015fmalar\u0131na yard\u0131mc\u0131 olmak amac\u0131yla s\u00fcrd\u00fcr\u00fclebilirlik raporlama hizmetleri sunmaktay\u0131z.<\/p>\t\t\t\t\t\t<\/div>\n\t\t\t\t<\/div>\n\t\t\t\t<div class=\"elementor-element elementor-element-61195e8 elementor-widget elementor-widget-heading\" data-id=\"61195e8\" data-element_type=\"widget\" data-widget_type=\"heading.default\">\n\t\t\t\t<div class=\"elementor-widget-container\">\n\t\t\t<h5 class=\"elementor-heading-title elementor-size-default\">Kapsaml\u0131 A\u011f ve Ba\u011flant\u0131lar<\/h5>\t\t<\/div>\n\t\t\t\t<\/div>\n\t\t\t\t<div class=\"elementor-element elementor-element-59e6b94 elementor-widget elementor-widget-text-editor\" data-id=\"59e6b94\" data-element_type=\"widget\" data-widget_type=\"text-editor.default\">\n\t\t\t\t<div class=\"elementor-widget-container\">\n\t\t\t\t\t\t\t<p>G\u00fc\u00e7l\u00fc end\u00fcstri ba\u011flant\u0131lar\u0131m\u0131z ve kapsaml\u0131 ortaklar ve payda\u015flar a\u011f\u0131m\u0131z, m\u00fc\u015fterilerimiz i\u00e7in de\u011ferli f\u0131rsatlar yaratmam\u0131z\u0131 sa\u011flar. M\u00fc\u015fterilerimizin verimli ili\u015fkiler kurmas\u0131na ve i\u015f a\u011flar\u0131n\u0131 geni\u015fletmesine yard\u0131mc\u0131 olarak, kilit karar vericiler, end\u00fcstri uzmanlar\u0131, potansiyel m\u00fc\u015fteriler ve stratejik ortaklarla ba\u011flant\u0131 kurmay\u0131 kolayla\u015ft\u0131r\u0131yoruz.<\/p>\t\t\t\t\t\t<\/div>\n\t\t\t\t<\/div>\n\t\t\t\t\t<\/div>\n\t\t<\/div>\n\t\t\t\t\t\t\t<\/div>\n\t\t<\/section>\n\t\t\t\t<section class=\"elementor-section elementor-top-section elementor-element elementor-element-c839cf6 elementor-section-stretched elementor-section-boxed elementor-section-height-default elementor-section-height-default\" data-id=\"c839cf6\" data-element_type=\"section\" data-settings=\"{&quot;stretch_section&quot;:&quot;section-stretched&quot;}\">\n\t\t\t\t\t\t<div class=\"elementor-container elementor-column-gap-default\">\n\t\t\t\t\t<div class=\"elementor-column elementor-col-50 elementor-top-column elementor-element elementor-element-eb14899\" data-id=\"eb14899\" data-element_type=\"column\" data-settings=\"{&quot;background_background&quot;:&quot;classic&quot;}\">\n\t\t\t<div class=\"elementor-widget-wrap elementor-element-populated\">\n\t\t\t\t\t\t\t\t<div class=\"elementor-element elementor-element-3525360 elementor-widget elementor-widget-heading\" data-id=\"3525360\" data-element_type=\"widget\" data-widget_type=\"heading.default\">\n\t\t\t\t<div class=\"elementor-widget-container\">\n\t\t\t<h5 class=\"elementor-heading-title elementor-size-default\">Kalite ve Profesyonellik<\/h5>\t\t<\/div>\n\t\t\t\t<\/div>\n\t\t\t\t<div class=\"elementor-element elementor-element-e82bc60 elementor-widget elementor-widget-text-editor\" data-id=\"e82bc60\" data-element_type=\"widget\" data-widget_type=\"text-editor.default\">\n\t\t\t\t<div class=\"elementor-widget-container\">\n\t\t\t\t\t\t\t<p>En y\u00fcksek kalitede hizmet sunmaya kendimizi adad\u0131k. Ekibimiz profesyonellik, detaylara dikkat ve m\u00fckemmelli\u011fe kendini adama ile \u00e7al\u0131\u015f\u0131r. Fuarlar\u0131m\u0131z\u0131n en y\u00fcksek standartlar\u0131 kar\u015f\u0131lamas\u0131n\u0131, dan\u0131\u015fmanl\u0131k hizmetlerimizin kapsaml\u0131 ve do\u011fru olmas\u0131n\u0131 ve destek hizmetlerimizin g\u00fcvenilir ve verimli olmas\u0131n\u0131 sa\u011fl\u0131yoruz.<\/p>\t\t\t\t\t\t<\/div>\n\t\t\t\t<\/div>\n\t\t\t\t<div class=\"elementor-element elementor-element-df2c680 elementor-widget elementor-widget-heading\" data-id=\"df2c680\" data-element_type=\"widget\" data-widget_type=\"heading.default\">\n\t\t\t\t<div class=\"elementor-widget-container\">\n\t\t\t<h5 class=\"elementor-heading-title elementor-size-default\">Zaman\u0131ndal\u0131k ve Verimlilik<\/h5>\t\t<\/div>\n\t\t\t\t<\/div>\n\t\t\t\t<div class=\"elementor-element elementor-element-cb1a03f elementor-widget elementor-widget-text-editor\" data-id=\"cb1a03f\" data-element_type=\"widget\" data-widget_type=\"text-editor.default\">\n\t\t\t\t<div class=\"elementor-widget-container\">\n\t\t\t\t\t\t\t<p>\u0130\u015f hayat\u0131nda zaman\u0131n \u00f6nemini anl\u0131yoruz. Verimlili\u011fe \u00f6ncelik veriyoruz ve hizmetlerimizi \u00fczerinde anla\u015fmaya var\u0131lan zaman \u00e7izelgeleri i\u00e7inde sunmaya \u00e7al\u0131\u015f\u0131yoruz. S\u00fcre\u00e7leri kolayla\u015ft\u0131r\u0131yoruz, sorgulara h\u0131zl\u0131 yan\u0131tlar veriyoruz ve m\u00fc\u015fterilerimizin f\u0131rsatlar\u0131 zaman\u0131nda yakalamas\u0131n\u0131 sa\u011fl\u0131yoruz.<\/p>\t\t\t\t\t\t<\/div>\n\t\t\t\t<\/div>\n\t\t\t\t\t<\/div>\n\t\t<\/div>\n\t\t\t\t<div class=\"elementor-column elementor-col-50 elementor-top-column elementor-element elementor-element-0d87943\" data-id=\"0d87943\" data-element_type=\"column\">\n\t\t\t<div class=\"elementor-widget-wrap elementor-element-populated\">\n\t\t\t\t\t\t\t\t<div class=\"elementor-element elementor-element-cf8fa41 elementor-widget elementor-widget-image\" data-id=\"cf8fa41\" data-element_type=\"widget\" data-widget_type=\"image.default\">\n\t\t\t\t<div class=\"elementor-widget-container\">\n\t\t\t\t\t\t\t\t\t\t\t\t\t\t\t<img loading=\"lazy\" decoding=\"async\" width=\"1080\" height=\"1080\" src=\"http:\/\/prime-danismanlik.com\/wp-content\/uploads\/2023\/07\/Prime-Danismanlik-1.png\" class=\"attachment-full size-full wp-image-4876\" alt=\"\" srcset=\"http:\/\/prime-danismanlik.com\/wp-content\/uploads\/2023\/07\/Prime-Danismanlik-1.png 1080w, http:\/\/prime-danismanlik.com\/wp-content\/uploads\/2023\/07\/Prime-Danismanlik-1-300x300.png 300w, http:\/\/prime-danismanlik.com\/wp-content\/uploads\/2023\/07\/Prime-Danismanlik-1-1024x1024.png 1024w, http:\/\/prime-danismanlik.com\/wp-content\/uploads\/2023\/07\/Prime-Danismanlik-1-150x150.png 150w, http:\/\/prime-danismanlik.com\/wp-content\/uploads\/2023\/07\/Prime-Danismanlik-1-768x768.png 768w\" sizes=\"auto, (max-width: 1080px) 100vw, 1080px\" \/>\t\t\t\t\t\t\t\t\t\t\t\t\t\t\t<\/div>\n\t\t\t\t<\/div>\n\t\t\t\t\t<\/div>\n\t\t<\/div>\n\t\t\t\t\t\t\t<\/div>\n\t\t<\/section>\n\t\t\t\t<section class=\"elementor-section elementor-top-section elementor-element elementor-element-3f142c9 elementor-section-stretched elementor-section-boxed elementor-section-height-default elementor-section-height-default\" data-id=\"3f142c9\" data-element_type=\"section\" data-settings=\"{&quot;stretch_section&quot;:&quot;section-stretched&quot;}\">\n\t\t\t\t\t\t<div class=\"elementor-container elementor-column-gap-default\">\n\t\t\t\t\t<div class=\"elementor-column elementor-col-50 elementor-top-column elementor-element elementor-element-1417a87\" data-id=\"1417a87\" data-element_type=\"column\" data-settings=\"{&quot;background_background&quot;:&quot;classic&quot;}\">\n\t\t\t<div class=\"elementor-widget-wrap elementor-element-populated\">\n\t\t\t\t\t\t\t\t<div class=\"elementor-element elementor-element-d9de7de elementor-widget elementor-widget-image\" data-id=\"d9de7de\" data-element_type=\"widget\" data-widget_type=\"image.default\">\n\t\t\t\t<div class=\"elementor-widget-container\">\n\t\t\t\t\t\t\t\t\t\t\t\t\t\t\t<img loading=\"lazy\" decoding=\"async\" width=\"1080\" height=\"1080\" src=\"http:\/\/prime-danismanlik.com\/wp-content\/uploads\/2023\/07\/Prime-Danismanlik-2.png\" class=\"attachment-full size-full wp-image-4877\" alt=\"\" srcset=\"http:\/\/prime-danismanlik.com\/wp-content\/uploads\/2023\/07\/Prime-Danismanlik-2.png 1080w, http:\/\/prime-danismanlik.com\/wp-content\/uploads\/2023\/07\/Prime-Danismanlik-2-300x300.png 300w, http:\/\/prime-danismanlik.com\/wp-content\/uploads\/2023\/07\/Prime-Danismanlik-2-1024x1024.png 1024w, http:\/\/prime-danismanlik.com\/wp-content\/uploads\/2023\/07\/Prime-Danismanlik-2-150x150.png 150w, http:\/\/prime-danismanlik.com\/wp-content\/uploads\/2023\/07\/Prime-Danismanlik-2-768x768.png 768w\" sizes=\"auto, (max-width: 1080px) 100vw, 1080px\" \/>\t\t\t\t\t\t\t\t\t\t\t\t\t\t\t<\/div>\n\t\t\t\t<\/div>\n\t\t\t\t\t<\/div>\n\t\t<\/div>\n\t\t\t\t<div class=\"elementor-column elementor-col-50 elementor-top-column elementor-element elementor-element-dc74362\" data-id=\"dc74362\" data-element_type=\"column\">\n\t\t\t<div class=\"elementor-widget-wrap elementor-element-populated\">\n\t\t\t\t\t\t\t\t<div class=\"elementor-element elementor-element-99d0ef3 elementor-widget elementor-widget-heading\" data-id=\"99d0ef3\" data-element_type=\"widget\" data-widget_type=\"heading.default\">\n\t\t\t\t<div class=\"elementor-widget-container\">\n\t\t\t<h5 class=\"elementor-heading-title elementor-size-default\">G\u00fc\u00e7l\u00fc M\u00fc\u015fteri Deste\u011fi<\/h5>\t\t<\/div>\n\t\t\t\t<\/div>\n\t\t\t\t<div class=\"elementor-element elementor-element-0844be9 elementor-widget elementor-widget-text-editor\" data-id=\"0844be9\" data-element_type=\"widget\" data-widget_type=\"text-editor.default\">\n\t\t\t\t<div class=\"elementor-widget-container\">\n\t\t\t\t\t\t\t<p>M\u00fc\u015fterilerimize de\u011fer veriyor ve onlar\u0131n memnuniyetini \u00f6n planda tutuyoruz. M\u00fc\u015fteri destek ekibimiz, herhangi bir endi\u015feyi gidermek, sorular\u0131 yan\u0131tlamak ve s\u00f6zle\u015fme boyunca s\u00fcrekli destek sa\u011flamak i\u00e7in haz\u0131rd\u0131r. M\u00fc\u015fterilerimizle g\u00fcvene, a\u00e7\u0131k ileti\u015fime ve istisnai m\u00fc\u015fteri hizmetlerine dayal\u0131 uzun vadeli ili\u015fkiler kurmay\u0131 hedefliyoruz.<\/p>\t\t\t\t\t\t<\/div>\n\t\t\t\t<\/div>\n\t\t\t\t<div class=\"elementor-element elementor-element-1c92371 elementor-widget elementor-widget-heading\" data-id=\"1c92371\" data-element_type=\"widget\" data-widget_type=\"heading.default\">\n\t\t\t\t<div class=\"elementor-widget-container\">\n\t\t\t<h5 class=\"elementor-heading-title elementor-size-default\">S\u00fcrekli \u0130yile\u015ftirme<\/h5>\t\t<\/div>\n\t\t\t\t<\/div>\n\t\t\t\t<div class=\"elementor-element elementor-element-a426956 elementor-widget elementor-widget-text-editor\" data-id=\"a426956\" data-element_type=\"widget\" data-widget_type=\"text-editor.default\">\n\t\t\t\t<div class=\"elementor-widget-container\">\n\t\t\t\t\t\t\t<p>S\u00fcrekli iyile\u015ftirmeye kararl\u0131y\u0131z ve hizmetlerimizi geli\u015ftirmek i\u00e7in m\u00fc\u015fterilerimizden s\u00fcrekli olarak geri bildirim almaya \u00e7al\u0131\u015f\u0131yoruz. De\u011fi\u015fen pazar dinamiklerine uyum sa\u011fl\u0131yor, yeni teknolojileri ve en iyi uygulamalar\u0131 benimsiyor ve aktif olarak yenilik yapman\u0131n ve \u00e7a\u011f\u0131n ilerisinde kalman\u0131n yollar\u0131n\u0131 ar\u0131yoruz. M\u00fc\u015fterilerimiz, end\u00fcstrinin \u00f6n saflar\u0131nda kalma taahh\u00fcd\u00fcm\u00fczden yararlanmaktad\u0131r.<\/p>\t\t\t\t\t\t<\/div>\n\t\t\t\t<\/div>\n\t\t\t\t\t<\/div>\n\t\t<\/div>\n\t\t\t\t\t\t\t<\/div>\n\t\t<\/section>\n\t\t\t\t\t\t\t<\/div>\n\t\t","protected":false},"excerpt":{"rendered":"<p>M\u00fc\u015fterilerimiz i\u00e7in ayr\u0131cal\u0131klar Kapsaml\u0131 \u00c7\u00f6z\u00fcmler S\u00fcrd\u00fcr\u00fclebilirlik raporlamalar\u0131, uluslararas\u0131 pazara giri\u015f dan\u0131\u015fmanl\u0131\u011f\u0131 ve hukuk, \u0130K, lojistik ve daha fazlas\u0131 gibi eksiksiz bir destek hizmetleri paketi dahil olmak \u00fczere eksiksiz bir hizmet yelpazesi sunuyoruz. Tek noktadan al\u0131\u015fveri\u015f yakla\u015f\u0131m\u0131 sunarak, m\u00fc\u015fterilerimiz i\u00e7in s\u00fcreci basitle\u015ftirerek, birden fazla sat\u0131c\u0131y\u0131 koordine etmede zamandan ve emekten tasarruf ediyoruz. Uzmanl\u0131k ve End\u00fcstri Bilgisi [&hellip;]<\/p>\n","protected":false},"author":1,"featured_media":0,"parent":0,"menu_order":0,"comment_status":"closed","ping_status":"closed","template":"","meta":{"footnotes":""},"class_list":["post-1601","page","type-page","status-publish","hentry"],"_links":{"self":[{"href":"http:\/\/prime-danismanlik.com\/index.php\/wp-json\/wp\/v2\/pages\/1601","targetHints":{"allow":["GET"]}}],"collection":[{"href":"http:\/\/prime-danismanlik.com\/index.php\/wp-json\/wp\/v2\/pages"}],"about":[{"href":"http:\/\/prime-danismanlik.com\/index.php\/wp-json\/wp\/v2\/types\/page"}],"author":[{"embeddable":true,"href":"http:\/\/prime-danismanlik.com\/index.php\/wp-json\/wp\/v2\/users\/1"}],"replies":[{"embeddable":true,"href":"http:\/\/prime-danismanlik.com\/index.php\/wp-json\/wp\/v2\/comments?post=1601"}],"version-history":[{"count":36,"href":"http:\/\/prime-danismanlik.com\/index.php\/wp-json\/wp\/v2\/pages\/1601\/revisions"}],"predecessor-version":[{"id":4983,"href":"http:\/\/prime-danismanlik.com\/index.php\/wp-json\/wp\/v2\/pages\/1601\/revisions\/4983"}],"wp:attachment":[{"href":"http:\/\/prime-danismanlik.com\/index.php\/wp-json\/wp\/v2\/media?parent=1601"}],"curies":[{"name":"wp","href":"https:\/\/api.w.org\/{rel}","templated":true}]}}