{"id":1596,"date":"2023-01-23T09:11:35","date_gmt":"2023-01-23T06:11:35","guid":{"rendered":"https:\/\/ambery.tanshcreative.com\/?page_id=1596"},"modified":"2023-07-12T08:48:03","modified_gmt":"2023-07-12T05:48:03","slug":"misyon-vizyon","status":"publish","type":"page","link":"http:\/\/prime-danismanlik.com\/index.php\/misyon-vizyon\/","title":{"rendered":"Misyon &#038; Vizyon"},"content":{"rendered":"\t\t<div data-elementor-type=\"wp-page\" data-elementor-id=\"1596\" class=\"elementor elementor-1596\">\n\t\t\t\t\t\t\t\t\t<section class=\"elementor-section elementor-top-section elementor-element elementor-element-3248730 elementor-section-stretched elementor-reverse-tablet elementor-reverse-mobile elementor-section-boxed elementor-section-height-default elementor-section-height-default\" data-id=\"3248730\" data-element_type=\"section\" data-settings=\"{&quot;stretch_section&quot;:&quot;section-stretched&quot;}\">\n\t\t\t\t\t\t<div class=\"elementor-container elementor-column-gap-default\">\n\t\t\t\t\t<div class=\"elementor-column elementor-col-50 elementor-top-column elementor-element elementor-element-60c20c78\" data-id=\"60c20c78\" data-element_type=\"column\">\n\t\t\t<div class=\"elementor-widget-wrap elementor-element-populated\">\n\t\t\t\t\t\t\t\t<section class=\"elementor-section elementor-inner-section elementor-element elementor-element-69c4d64e elementor-section-boxed elementor-section-height-default elementor-section-height-default\" data-id=\"69c4d64e\" data-element_type=\"section\">\n\t\t\t\t\t\t<div class=\"elementor-container elementor-column-gap-default\">\n\t\t\t\t\t<div class=\"elementor-column elementor-col-100 elementor-inner-column elementor-element elementor-element-6aa4241\" data-id=\"6aa4241\" data-element_type=\"column\" data-settings=\"{&quot;background_background&quot;:&quot;classic&quot;}\">\n\t\t\t<div class=\"elementor-widget-wrap elementor-element-populated\">\n\t\t\t\t\t\t\t\t<div class=\"elementor-element elementor-element-1abbf92d elementor-widget elementor-widget-image\" data-id=\"1abbf92d\" data-element_type=\"widget\" data-widget_type=\"image.default\">\n\t\t\t\t<div class=\"elementor-widget-container\">\n\t\t\t<style>\/*! elementor - v3.14.0 - 26-06-2023 *\/\n.elementor-widget-image{text-align:center}.elementor-widget-image a{display:inline-block}.elementor-widget-image a img[src$=\".svg\"]{width:48px}.elementor-widget-image img{vertical-align:middle;display:inline-block}<\/style>\t\t\t\t\t\t\t\t\t\t\t\t<img decoding=\"async\" src=\"http:\/\/prime-danismanlik.com\/wp-content\/uploads\/elementor\/thumbs\/info@floraportfoy.com-5-q920497zn1ip6uvl131ghetwmaitv1p2pobqfrlpu8.png\" title=\"info@floraportfoy.com (5)\" alt=\"info@floraportfoy.com (5)\" loading=\"lazy\" \/>\t\t\t\t\t\t\t\t\t\t\t\t\t\t\t<\/div>\n\t\t\t\t<\/div>\n\t\t\t\t\t<\/div>\n\t\t<\/div>\n\t\t\t\t\t\t\t<\/div>\n\t\t<\/section>\n\t\t\t\t\t<\/div>\n\t\t<\/div>\n\t\t\t\t<div class=\"elementor-column elementor-col-50 elementor-top-column elementor-element elementor-element-4d56654a\" data-id=\"4d56654a\" data-element_type=\"column\" data-settings=\"{&quot;background_background&quot;:&quot;classic&quot;}\">\n\t\t\t<div class=\"elementor-widget-wrap elementor-element-populated\">\n\t\t\t\t\t\t\t\t<div class=\"elementor-element elementor-element-117ee38f elementor-widget elementor-widget-heading\" data-id=\"117ee38f\" data-element_type=\"widget\" data-widget_type=\"heading.default\">\n\t\t\t\t<div class=\"elementor-widget-container\">\n\t\t\t<style>\/*! elementor - v3.14.0 - 26-06-2023 *\/\n.elementor-heading-title{padding:0;margin:0;line-height:1}.elementor-widget-heading .elementor-heading-title[class*=elementor-size-]>a{color:inherit;font-size:inherit;line-height:inherit}.elementor-widget-heading .elementor-heading-title.elementor-size-small{font-size:15px}.elementor-widget-heading .elementor-heading-title.elementor-size-medium{font-size:19px}.elementor-widget-heading .elementor-heading-title.elementor-size-large{font-size:29px}.elementor-widget-heading .elementor-heading-title.elementor-size-xl{font-size:39px}.elementor-widget-heading .elementor-heading-title.elementor-size-xxl{font-size:59px}<\/style><h2 class=\"elementor-heading-title elementor-size-default\">Misyonumuz<\/h2>\t\t<\/div>\n\t\t\t\t<\/div>\n\t\t\t\t<div class=\"elementor-element elementor-element-5ed6c4d7 elementor-widget elementor-widget-heading\" data-id=\"5ed6c4d7\" data-element_type=\"widget\" data-widget_type=\"heading.default\">\n\t\t\t\t<div class=\"elementor-widget-container\">\n\t\t\t<h6 class=\"elementor-heading-title elementor-size-default\">Misyonumuz, eri\u015fim alanlar\u0131n\u0131 geni\u015fletmek, yeni pazarlar ke\u015ffetmek ve uluslararas\u0131 alanda ba\u015far\u0131ya ula\u015fmak isteyen \u015firketlere kapsaml\u0131 \u00e7\u00f6z\u00fcmler ve uzman rehberli\u011fi sa\u011flamakt\u0131r.\n<br>\n<br>\nDerin sekt\u00f6r bilgimiz ve a\u011f\u0131m\u0131zla, i\u015f b\u00fcy\u00fcmesini destekleyen, inovasyonu y\u00f6nlendiren ola\u011fan\u00fcst\u00fc deneyimler yarat\u0131yor; pazara giri\u015f stratejilerinden mevzuat uyumlulu\u011funa kadar, bilgiye dayal\u0131 kararlar almak ve ba\u015far\u0131y\u0131 en \u00fcst d\u00fczeye \u00e7\u0131karmak i\u00e7in gerekli rehberli\u011fi sa\u011fl\u0131yoruz.\n<br>\n<br>\nBa\u015far\u0131l\u0131 bir i\u015f y\u00fcr\u00fctmenin sadece pazara girmekten daha fazlas\u0131n\u0131 gerektirdi\u011fini anl\u0131yoruz bu nedenle deneyimli profesyonellerden olu\u015fan ekibimiz, her m\u00fc\u015fterinin benzersiz ihtiya\u00e7lar\u0131na g\u00f6re uyarlanm\u0131\u015f stratejik i\u00e7g\u00f6r\u00fcler, pazar ara\u015ft\u0131rmas\u0131 ve \u00f6zelle\u015ftirilmi\u015f \u00e7\u00f6z\u00fcmler sunarken, hukuk, \u0130K, lojistik ve daha fazlas\u0131n\u0131 i\u00e7eren kapsaml\u0131 bir hizmet paketi sunuyoruz.\n<br>\n<br>\nUzmanl\u0131\u011f\u0131m\u0131zdan ve end\u00fcstri ba\u011flant\u0131lar\u0131m\u0131zdan yararlanarak, i\u015fletmelerin k\u00fcresel ayak izlerini geni\u015fletmelerine, f\u0131rsatlar\u0131 de\u011ferlendirmelerine ve s\u00fcrd\u00fcr\u00fclebilir b\u00fcy\u00fcme elde etmelerine olanak tan\u0131yoruz. M\u00fc\u015fteri odakl\u0131 bir yakla\u015f\u0131mla, ola\u011fan\u00fcst\u00fc hizmet sunmaya, uzun vadeli ortakl\u0131klar\u0131 geli\u015ftirmeye ve m\u00fc\u015fterilerimiz i\u00e7in somut sonu\u00e7lar elde etmeye kararl\u0131y\u0131z\u2026\n<br>\n<br>\nPrime ile ortak olun ve yeni pazarlar\u0131 fethetmede ve i\u015finizin t\u00fcm potansiyelini ortaya \u00e7\u0131karmada g\u00fcvenilir m\u00fcttefikiniz olmam\u0131za izin verin.\n<\/h6>\t\t<\/div>\n\t\t\t\t<\/div>\n\t\t\t\t\t<\/div>\n\t\t<\/div>\n\t\t\t\t\t\t\t<\/div>\n\t\t<\/section>\n\t\t\t\t<section class=\"elementor-section elementor-top-section elementor-element elementor-element-551a6b41 elementor-section-stretched elementor-section-boxed elementor-section-height-default elementor-section-height-default\" data-id=\"551a6b41\" data-element_type=\"section\" data-settings=\"{&quot;stretch_section&quot;:&quot;section-stretched&quot;}\">\n\t\t\t\t\t\t<div class=\"elementor-container elementor-column-gap-default\">\n\t\t\t\t\t<div class=\"elementor-column elementor-col-50 elementor-top-column elementor-element elementor-element-609f69f2\" data-id=\"609f69f2\" data-element_type=\"column\" data-settings=\"{&quot;background_background&quot;:&quot;classic&quot;}\">\n\t\t\t<div class=\"elementor-widget-wrap elementor-element-populated\">\n\t\t\t\t\t\t\t\t<div class=\"elementor-element elementor-element-5df35361 elementor-widget elementor-widget-heading\" data-id=\"5df35361\" data-element_type=\"widget\" data-widget_type=\"heading.default\">\n\t\t\t\t<div class=\"elementor-widget-container\">\n\t\t\t<h2 class=\"elementor-heading-title elementor-size-default\">Vizyonumuz<\/h2>\t\t<\/div>\n\t\t\t\t<\/div>\n\t\t\t\t<div class=\"elementor-element elementor-element-2422eed6 elementor-widget elementor-widget-text-editor\" data-id=\"2422eed6\" data-element_type=\"widget\" data-widget_type=\"text-editor.default\">\n\t\t\t\t<div class=\"elementor-widget-container\">\n\t\t\t<style>\/*! elementor - v3.14.0 - 26-06-2023 *\/\n.elementor-widget-text-editor.elementor-drop-cap-view-stacked .elementor-drop-cap{background-color:#69727d;color:#fff}.elementor-widget-text-editor.elementor-drop-cap-view-framed .elementor-drop-cap{color:#69727d;border:3px solid;background-color:transparent}.elementor-widget-text-editor:not(.elementor-drop-cap-view-default) .elementor-drop-cap{margin-top:8px}.elementor-widget-text-editor:not(.elementor-drop-cap-view-default) .elementor-drop-cap-letter{width:1em;height:1em}.elementor-widget-text-editor .elementor-drop-cap{float:left;text-align:center;line-height:1;font-size:50px}.elementor-widget-text-editor .elementor-drop-cap-letter{display:inline-block}<\/style>\t\t\t\t<p>Prime&#8217;da vizyonumuz, ufuklar\u0131n\u0131 geni\u015fletmek, engelleri a\u015fmak ve uluslararas\u0131 ba\u015far\u0131ya ula\u015fmak isteyen \u015firketler i\u00e7in \u00f6nde gelen k\u00fcresel ortak olmakt\u0131r.<\/p><p>Her b\u00fcy\u00fckl\u00fckteki i\u015fletmenin yeni pazarlara zahmetsizce girebilece\u011fi, sekt\u00f6r liderleriyle ba\u011flant\u0131 kurabilece\u011fi ve k\u00fcresel \u00f6l\u00e7ekte tam potansiyellerini ortaya \u00e7\u0131karabilece\u011fi bir d\u00fcnya tasavvur ediyoruz. Kapsaml\u0131 hizmetler ve uzmanl\u0131k sa\u011flayarak, i\u015fletmeleri s\u00fcrd\u00fcr\u00fclebilir b\u00fcy\u00fcmeye, artan k\u00e2rl\u0131l\u0131\u011fa ve kal\u0131c\u0131 etkiye do\u011fru iten kataliz\u00f6r olmay\u0131 hedefliyor, pazara giri\u015f dan\u0131\u015fmanl\u0131\u011f\u0131 ve kapsaml\u0131 destek hizmetleri sa\u011flamada m\u00fckemmellik i\u00e7in yeni standartlar belirleyerek sekt\u00f6r lideri olarak tan\u0131nmay\u0131 ama\u00e7l\u0131yoruz.<\/p><p>Vizyonumuz arac\u0131l\u0131\u011f\u0131yla i\u015fbirli\u011fini, bilgi payla\u015f\u0131m\u0131n\u0131 ve k\u00fclt\u00fcrler aras\u0131 anlay\u0131\u015f\u0131 te\u015fvik eden k\u00fcresel bir i\u015f ekosistemini geli\u015ftirmeyi hedefliyoruz. D\u00fcnyan\u0131n farkl\u0131 k\u00f6\u015felerindeki i\u015fletmeleri birbirine ba\u011flayarak ekonomik b\u00fcy\u00fcmeyi destekleyebilece\u011fimize, anlaml\u0131 f\u0131rsatlar yaratabilece\u011fimize ve olumlu de\u011fi\u015fimi s\u00fcrd\u00fcrebilece\u011fimize inan\u0131yoruz.<\/p><p>M\u00fckemmellik, yenilik\u00e7ilik ve m\u00fc\u015fteri memnuniyetine olan sars\u0131lmaz ba\u011fl\u0131l\u0131\u011f\u0131m\u0131zla g\u00fcven, \u015feffafl\u0131k ve ortak ba\u015far\u0131ya dayal\u0131 uzun vadeli ortakl\u0131klar kurmay\u0131 tasavvur ediyoruz.<\/p><p>K\u00fcresel ticaretin gelece\u011fini \u015fekillendirirken, uluslararas\u0131 geni\u015flemeyi d\u00fcnya \u00e7ap\u0131ndaki \u015firketler i\u00e7in eri\u015filebilir, verimli ve \u00f6d\u00fcllendirici hale getirirken yolculu\u011fumuzda bize kat\u0131l\u0131n. Birlikte, i\u015fletmenizin tam potansiyelini ger\u00e7ekle\u015ftirelim ve k\u00fcresel ba\u015far\u0131ya giden bir yola \u00e7\u0131kal\u0131m.<\/p>\t\t\t\t\t\t<\/div>\n\t\t\t\t<\/div>\n\t\t\t\t\t<\/div>\n\t\t<\/div>\n\t\t\t\t<div class=\"elementor-column elementor-col-50 elementor-top-column elementor-element elementor-element-1028bd73\" data-id=\"1028bd73\" data-element_type=\"column\">\n\t\t\t<div class=\"elementor-widget-wrap elementor-element-populated\">\n\t\t\t\t\t\t\t\t<div class=\"elementor-element elementor-element-6063b300 elementor-widget elementor-widget-image\" data-id=\"6063b300\" data-element_type=\"widget\" data-widget_type=\"image.default\">\n\t\t\t\t<div class=\"elementor-widget-container\">\n\t\t\t\t\t\t\t\t\t\t\t\t\t\t\t<img loading=\"lazy\" decoding=\"async\" width=\"958\" height=\"1536\" src=\"http:\/\/prime-danismanlik.com\/wp-content\/uploads\/2023\/07\/info@floraportfoy.com-1920-\u00d7-3080-piksel-958x1536.png\" class=\"attachment-1536x1536 size-1536x1536 wp-image-4917\" alt=\"\" srcset=\"http:\/\/prime-danismanlik.com\/wp-content\/uploads\/2023\/07\/info@floraportfoy.com-1920-\u00d7-3080-piksel-958x1536.png 958w, http:\/\/prime-danismanlik.com\/wp-content\/uploads\/2023\/07\/info@floraportfoy.com-1920-\u00d7-3080-piksel-187x300.png 187w, http:\/\/prime-danismanlik.com\/wp-content\/uploads\/2023\/07\/info@floraportfoy.com-1920-\u00d7-3080-piksel-638x1024.png 638w, http:\/\/prime-danismanlik.com\/wp-content\/uploads\/2023\/07\/info@floraportfoy.com-1920-\u00d7-3080-piksel-768x1232.png 768w, http:\/\/prime-danismanlik.com\/wp-content\/uploads\/2023\/07\/info@floraportfoy.com-1920-\u00d7-3080-piksel-1277x2048.png 1277w, http:\/\/prime-danismanlik.com\/wp-content\/uploads\/2023\/07\/info@floraportfoy.com-1920-\u00d7-3080-piksel.png 1920w\" sizes=\"auto, (max-width: 958px) 100vw, 958px\" \/>\t\t\t\t\t\t\t\t\t\t\t\t\t\t\t<\/div>\n\t\t\t\t<\/div>\n\t\t\t\t<div class=\"elementor-element elementor-element-ce2d842 elementor-widget elementor-widget-heading\" data-id=\"ce2d842\" data-element_type=\"widget\" data-widget_type=\"heading.default\">\n\t\t\t\t<div class=\"elementor-widget-container\">\n\t\t\t<h5 class=\"elementor-heading-title elementor-size-default\">\n<\/h5>\t\t<\/div>\n\t\t\t\t<\/div>\n\t\t\t\t\t<\/div>\n\t\t<\/div>\n\t\t\t\t\t\t\t<\/div>\n\t\t<\/section>\n\t\t\t\t\t\t\t<\/div>\n\t\t","protected":false},"excerpt":{"rendered":"<p>Misyonumuz Misyonumuz, eri\u015fim alanlar\u0131n\u0131 geni\u015fletmek, yeni pazarlar ke\u015ffetmek ve uluslararas\u0131 alanda ba\u015far\u0131ya ula\u015fmak isteyen \u015firketlere kapsaml\u0131 \u00e7\u00f6z\u00fcmler ve uzman rehberli\u011fi sa\u011flamakt\u0131r. Derin sekt\u00f6r bilgimiz ve a\u011f\u0131m\u0131zla, i\u015f b\u00fcy\u00fcmesini destekleyen, inovasyonu y\u00f6nlendiren ola\u011fan\u00fcst\u00fc deneyimler yarat\u0131yor; pazara giri\u015f stratejilerinden mevzuat uyumlulu\u011funa kadar, bilgiye dayal\u0131 kararlar almak ve ba\u015far\u0131y\u0131 en \u00fcst d\u00fczeye \u00e7\u0131karmak i\u00e7in gerekli rehberli\u011fi sa\u011fl\u0131yoruz. Ba\u015far\u0131l\u0131 [&hellip;]<\/p>\n","protected":false},"author":1,"featured_media":0,"parent":0,"menu_order":0,"comment_status":"closed","ping_status":"closed","template":"","meta":{"footnotes":""},"class_list":["post-1596","page","type-page","status-publish","hentry"],"_links":{"self":[{"href":"http:\/\/prime-danismanlik.com\/index.php\/wp-json\/wp\/v2\/pages\/1596","targetHints":{"allow":["GET"]}}],"collection":[{"href":"http:\/\/prime-danismanlik.com\/index.php\/wp-json\/wp\/v2\/pages"}],"about":[{"href":"http:\/\/prime-danismanlik.com\/index.php\/wp-json\/wp\/v2\/types\/page"}],"author":[{"embeddable":true,"href":"http:\/\/prime-danismanlik.com\/index.php\/wp-json\/wp\/v2\/users\/1"}],"replies":[{"embeddable":true,"href":"http:\/\/prime-danismanlik.com\/index.php\/wp-json\/wp\/v2\/comments?post=1596"}],"version-history":[{"count":47,"href":"http:\/\/prime-danismanlik.com\/index.php\/wp-json\/wp\/v2\/pages\/1596\/revisions"}],"predecessor-version":[{"id":4967,"href":"http:\/\/prime-danismanlik.com\/index.php\/wp-json\/wp\/v2\/pages\/1596\/revisions\/4967"}],"wp:attachment":[{"href":"http:\/\/prime-danismanlik.com\/index.php\/wp-json\/wp\/v2\/media?parent=1596"}],"curies":[{"name":"wp","href":"https:\/\/api.w.org\/{rel}","templated":true}]}}